{"id":235,"date":"2011-04-28T07:29:41","date_gmt":"2011-04-28T06:29:41","guid":{"rendered":"http:\/\/la-open.de\/wp\/?page_id=235"},"modified":"2017-12-05T08:25:36","modified_gmt":"2017-12-05T07:25:36","slug":"chronik","status":"publish","type":"page","link":"https:\/\/tischtennis-langenargen.de\/?page_id=235","title":{"rendered":"Chronik"},"content":{"rendered":"<p>###articles###<\/p>\n<p>&nbsp;<\/p>\n<table style=\"border: 5px solid #000000;\" frame=\"border\" align=\"left\" border=\"5\" cellpadding=\"30\">\n<tbody>\n<tr>\n<td>\n<p style=\"text-align: center;\"><span style=\"font-family: Arial;\"><strong>In Ehrfurcht gedenken wir unserer verstorbenen Aktiven<\/strong><\/span><\/p>\n<p style=\"text-align: center;\"><span style=\"font-family: Arial;\">Anneliese Scholz, Hans D\u00f6ring, Hugo B\u00fccheler, Ernst Hertnagel, Fritz H\u00f6schle, Heinz Jacob, <\/span><\/p>\n<p style=\"text-align: center;\"><span style=\"font-family: Arial;\">Heimo Klein, Uwe Odalinsky, <\/span><span style=\"font-family: Arial;\">Doris Wagner, Markus Rau, Harald Dreilich, Gustav Schmid<\/span><\/p>\n<\/td>\n<\/tr>\n<\/tbody>\n<\/table>\n<p>&nbsp;<\/p>\n","protected":false},"excerpt":{"rendered":"<p>###articles### &nbsp; In Ehrfurcht gedenken wir unserer verstorbenen Aktiven Anneliese Scholz, Hans D\u00f6ring, Hugo B\u00fccheler, Ernst Hertnagel, Fritz H\u00f6schle, Heinz Jacob, Heimo Klein, Uwe Odalinsky, Doris Wagner, Markus Rau, Harald <a class=\"more-link\" href=\"https:\/\/tischtennis-langenargen.de\/?page_id=235\">Weiterlesen\u00a0\u2026<\/a><\/p>\n","protected":false},"author":89027,"featured_media":0,"parent":0,"menu_order":12,"comment_status":"closed","ping_status":"open","template":"","meta":{"_price":"","_stock":"","_tribe_ticket_header":"","_tribe_default_ticket_provider":"","_tribe_ticket_capacity":"0","_ticket_start_date":"","_ticket_end_date":"","_tribe_ticket_show_description":"","_tribe_ticket_show_not_going":false,"_tribe_ticket_use_global_stock":"","_tribe_ticket_global_stock_level":"","_global_stock_mode":"","_global_stock_cap":"","_tribe_rsvp_for_event":"","_tribe_ticket_going_count":"","_tribe_ticket_not_going_count":"","_tribe_tickets_list":"[]","_tribe_ticket_has_attendee_info_fields":false,"footnotes":"","_tec_slr_enabled":"","_tec_slr_layout":""},"class_list":["post-235","page","type-page","status-publish","hentry"],"ticketed":false,"_links":{"self":[{"href":"https:\/\/tischtennis-langenargen.de\/index.php?rest_route=\/wp\/v2\/pages\/235","targetHints":{"allow":["GET"]}}],"collection":[{"href":"https:\/\/tischtennis-langenargen.de\/index.php?rest_route=\/wp\/v2\/pages"}],"about":[{"href":"https:\/\/tischtennis-langenargen.de\/index.php?rest_route=\/wp\/v2\/types\/page"}],"author":[{"embeddable":true,"href":"https:\/\/tischtennis-langenargen.de\/index.php?rest_route=\/wp\/v2\/users\/89027"}],"replies":[{"embeddable":true,"href":"https:\/\/tischtennis-langenargen.de\/index.php?rest_route=%2Fwp%2Fv2%2Fcomments&post=235"}],"version-history":[{"count":26,"href":"https:\/\/tischtennis-langenargen.de\/index.php?rest_route=\/wp\/v2\/pages\/235\/revisions"}],"predecessor-version":[{"id":5665,"href":"https:\/\/tischtennis-langenargen.de\/index.php?rest_route=\/wp\/v2\/pages\/235\/revisions\/5665"}],"wp:attachment":[{"href":"https:\/\/tischtennis-langenargen.de\/index.php?rest_route=%2Fwp%2Fv2%2Fmedia&parent=235"}],"curies":[{"name":"wp","href":"https:\/\/api.w.org\/{rel}","templated":true}]}}