{"id":255,"date":"2011-04-28T13:45:45","date_gmt":"2011-04-28T12:45:45","guid":{"rendered":"http:\/\/la-open.de\/wp\/?page_id=255"},"modified":"2012-10-07T13:35:00","modified_gmt":"2012-10-07T11:35:00","slug":"cup-der-freundschaft","status":"publish","type":"page","link":"https:\/\/tischtennis-langenargen.de\/?page_id=255","title":{"rendered":"Cup der Freundschaft"},"content":{"rendered":"<h2>Cup der Freundschaft \/ Coupe de l&#8217;amiti\u00e9<\/h2>\n<p>Tischtennisspieler des TV Langenargen pflegen eine Partnerschaft mit den Sportlern aus Bois-le-Roi, der franz\u00f6sischen Partnergemeinde von Langenargen.<\/p>\n<p>Die 5000-Seelen Gemeinde <a href=\"http:\/\/maps.google.de\/maps?f=q&amp;source=s_q&amp;hl=de&amp;geocode=&amp;q=Bois-le-Roi,+France&amp;aq=0&amp;sll=51.151786,10.415039&amp;sspn=19.397868,38.803711&amp;ie=UTF8&amp;hq=&amp;hnear=Bois-le-Roi,+Seine-et-Marne,+%C3%8Ele-de-France,+Frankreich&amp;z=14\" target=\"_blank\">Bois-le-Roi<\/a> liegt landschaftlich sehr reizvoll gelegen an der Seine, ungef\u00e4hr 50 Kilometer von Paris entfernt.<\/p>\n<p>Erste Kontakte wurden im Jahr 2000 gekn\u00fcpft, als die Langenargener einer Einladung zu einem Turnier nach Frankreich folgten. Von der sprichw\u00f6rtlichen Gastfreundschaft der Franzosen beeindruckt, beschloss man, sich in Zukunft h\u00e4ufiger zu treffen.<\/p>\n<p>Anl\u00e4sslich eines Gegenbesuchs der U.S Bois-le-Roi im Jahre 2002 wurde der &#8222;Cup der Freundschaft&#8220; ins Leben gerufen. Dieser wundersch\u00f6ne Wanderpokal wird seitdem bei jedem Zusammentreffen von Tischtennisspielern aus Bois-le-Roi und Langenargen ausgespielt.<\/p>\n<p><span style=\"text-decoration: underline;\">Vergangene Turniere &#8222;Cup der Freundschaft&#8220;:<\/span><\/p>\n<p><a title=\"Cup der Freundschaft 2010\" href=\"http:\/\/la-open.de\/wp\/?p=591\">2010<\/a><\/p>\n<p><a title=\"Cup der Freundschaft 2008\" href=\"http:\/\/la-open.de\/wp\/?p=588\">2008<\/a><\/p>\n<p><a title=\"Wochenendausflug zur Partnerstadt Bois le Roi 2007\" href=\"https:\/\/tischtennis-langenargen.de\/?p=1578\">2007<\/a><\/p>\n<p><a title=\"Cup der Freundschaft 2004\" href=\"http:\/\/la-open.de\/wp\/?p=584\">2004<\/a><\/p>\n<p><a title=\"Cup der Freundschaft 2002\" href=\"http:\/\/la-open.de\/wp\/?p=581\">2002<\/a><\/p>\n","protected":false},"excerpt":{"rendered":"<p>Cup der Freundschaft \/ Coupe de l&#8217;amiti\u00e9 Tischtennisspieler des TV Langenargen pflegen eine Partnerschaft mit den Sportlern aus Bois-le-Roi, der franz\u00f6sischen Partnergemeinde von Langenargen. Die 5000-Seelen Gemeinde Bois-le-Roi liegt landschaftlich <a class=\"more-link\" href=\"https:\/\/tischtennis-langenargen.de\/?page_id=255\">Weiterlesen\u00a0\u2026<\/a><\/p>\n","protected":false},"author":89027,"featured_media":0,"parent":0,"menu_order":10,"comment_status":"closed","ping_status":"open","template":"","meta":{"_price":"","_stock":"","_tribe_ticket_header":"","_tribe_default_ticket_provider":"","_tribe_ticket_capacity":"0","_ticket_start_date":"","_ticket_end_date":"","_tribe_ticket_show_description":"","_tribe_ticket_show_not_going":false,"_tribe_ticket_use_global_stock":"","_tribe_ticket_global_stock_level":"","_global_stock_mode":"","_global_stock_cap":"","_tribe_rsvp_for_event":"","_tribe_ticket_going_count":"","_tribe_ticket_not_going_count":"","_tribe_tickets_list":"[]","_tribe_ticket_has_attendee_info_fields":false,"footnotes":"","_tec_slr_enabled":"","_tec_slr_layout":""},"class_list":["post-255","page","type-page","status-publish","hentry"],"ticketed":false,"_links":{"self":[{"href":"https:\/\/tischtennis-langenargen.de\/index.php?rest_route=\/wp\/v2\/pages\/255","targetHints":{"allow":["GET"]}}],"collection":[{"href":"https:\/\/tischtennis-langenargen.de\/index.php?rest_route=\/wp\/v2\/pages"}],"about":[{"href":"https:\/\/tischtennis-langenargen.de\/index.php?rest_route=\/wp\/v2\/types\/page"}],"author":[{"embeddable":true,"href":"https:\/\/tischtennis-langenargen.de\/index.php?rest_route=\/wp\/v2\/users\/89027"}],"replies":[{"embeddable":true,"href":"https:\/\/tischtennis-langenargen.de\/index.php?rest_route=%2Fwp%2Fv2%2Fcomments&post=255"}],"version-history":[{"count":9,"href":"https:\/\/tischtennis-langenargen.de\/index.php?rest_route=\/wp\/v2\/pages\/255\/revisions"}],"predecessor-version":[{"id":257,"href":"https:\/\/tischtennis-langenargen.de\/index.php?rest_route=\/wp\/v2\/pages\/255\/revisions\/257"}],"wp:attachment":[{"href":"https:\/\/tischtennis-langenargen.de\/index.php?rest_route=%2Fwp%2Fv2%2Fmedia&parent=255"}],"curies":[{"name":"wp","href":"https:\/\/api.w.org\/{rel}","templated":true}]}}